{"id":460,"date":"2014-07-23T14:53:25","date_gmt":"2014-07-23T18:53:25","guid":{"rendered":"http:\/\/groupereprisequebec.a.aliquando.immo\/?page_id=460"},"modified":"2017-08-10T13:09:07","modified_gmt":"2017-08-10T17:09:07","slug":"procedure","status":"publish","type":"page","link":"https:\/\/groupereprisequebec.a.aliquando.immo\/en\/procedure\/","title":{"rendered":"Procedure"},"content":{"rendered":"<p>&nbsp;<\/p>\n<p><strong>VISITE DE PROPRI\u00c9T\u00c9<\/strong>\u00a0ou autre(s) information(s)<\/p>\n<p>Pour visiter ou avoir une propri\u00e9t\u00e9 en vente par\u00a0<strong>Groupe Reprise Qu\u00e9bec<\/strong>\u00a0il vous suffit de composer le num\u00e9ro\u00a0<strong>1-888-REPRISE<\/strong>\u00a0et de nous laisser vos coordonn\u00e9es.<\/p>\n<p>Un Courtier du r\u00e9seau\u00a0<strong>Groupe Sutton<\/strong>\u00a0qui s&#8217;occupe des propri\u00e9t\u00e9s en reprise vous contactera dans les plus brefs d\u00e9lais. \u00a0\u00a0Pour plus d&#8217;efficacit\u00e9 laisser l&#8217;adresse exacte de la propri\u00e9t\u00e9 qui fait l&#8217;objet de votre appel.<\/p>\n<div align=\"center\">\n<hr align=\"center\" size=\"2\" width=\"100%\" \/>\n<\/div>\n<p><strong>PROC\u00c9DURE POUR LES PROMESSE D&#8217;ACHAT\u00a0:\u00a0\u00a0\u00a0\u00a0\u00a0\u00a0\u00a0\u00a0\u00a0\u00a0\u00a0\u00a0\u00a0\u00a0\u00a0\u00a0\u00a0\u00a0\u00a0\u00a0\u00a0\u00a0\u00a0\u00a0\u00a0\u00a0\u00a0\u00a0\u00a0\u00a0\u00a0\u00a0\u00a0\u00a0\u00a0\u00a0\u00a0\u00a0\u00a0\u00a0\u00a0\u00a0\u00a0\u00a0\u00a0\u00a0\u00a0\u00a0 \u00a0\u00a0\u00a0\u00a0\u00a0\u00a0\u00a0\u00a0\u00a0\u00a0\u00a0\u00a0\u00a0\u00a0\u00a0\u00a0\u00a0\u00a0\u00a0\u00a0\u00a0\u00a0\u00a0\u00a0<\/strong>(Cette proc\u00e9dure s\u2019adresse aux Courtiers immobiliers)<\/p>\n<p>Toutes les promesses d&#8217;achat des propri\u00e9t\u00e9s doivent \u00eatre transmises par courriel en format \u00ab\u00a0PDF\u00a0\u00bb \u00e0 l\u2019adresse\u00a0:\u00a0 <strong>grq@sutton.com<\/strong><\/p>\n<p>Le courtier collaborateur doit v\u00e9rifier dans les sections \u00ab\u00a0Addenda et Remarques MLS\u00a0\u00bb de la fiche Centris pour connaitre les informations suivantes\u00a0:<\/p>\n<p>1)\u00a0 Le nom du vendeur,<\/p>\n<p>2)\u00a0 La dur\u00e9e minimale de la validit\u00e9 de la promesse d\u2019achat,<\/p>\n<p>3)\u00a0 Le d\u00e9p\u00f4t exig\u00e9 par le vendeur pour la promesse d\u2019achat et \u00e0 qui devra \u00eatre ledit d\u00e9p\u00f4t<\/p>\n<p>Le ch\u00e8que de d\u00e9p\u00f4t doit \u00eatre vis\u00e9 et le Courtier doit transmettre une copie de ce ch\u00e8que de d\u00e9p\u00f4t avec la promesse d&#8217;achat)<\/p>\n<p>La prise de possession aura lieu\u00a0entre <strong>30 et 60 jours <\/strong>apr\u00e8s l&#8217;acceptation de la promesse d\u2019achat. Le notaire pourra \u00eatre d\u00e9sign\u00e9 par le vendeur dans certain dossier.<\/p>\n<p>Les promesses d\u2019achat doivent \u00eatre r\u00e9dig\u00e9es sur des formulaires de l&#8217; OACIQ. Sauf dans certain cas d\u2019exception. Voir remarque MLS et documents dans Centris<br \/>\nL&#8217;annexe du vendeur ou la promesse d\u2019achat est annex\u00e9 dans les documents Centris.<\/p>\n<p><strong>\u00a0<\/strong><\/p>\n<p><strong>Voici nos coordonn\u00e9es:<\/strong>\u00a0\u00a0\u00a0 Un Courtier Immobilier travaillera avec vous !<\/p>\n<p>Sans Frais\u00a0:<br \/>\nTel :\u00a0 1-888-737-7473<br \/>\nFax : 1-866-622-6662<br \/>\nCourriel pour Courtiers collaborateurs :\u00a0<a href=\"mailto:grq@sutton.com?subject=Informations\">grq@sutton.com<\/a><\/p>","protected":false},"excerpt":{"rendered":"<p>&nbsp; VISITE DE PROPRI\u00c9T\u00c9\u00a0ou autre(s) information(s) Pour visiter ou avoir une propri\u00e9t\u00e9 en vente par\u00a0Groupe Reprise Qu\u00e9bec\u00a0il vous suffit de composer le num\u00e9ro\u00a01-888-REPRISE\u00a0et de nous laisser vos coordonn\u00e9es. Un Courtier du r\u00e9seau\u00a0Groupe Sutton\u00a0qui s&#8217;occupe des propri\u00e9t\u00e9s en reprise vous contactera dans les plus brefs d\u00e9lais. \u00a0\u00a0Pour plus d&#8217;efficacit\u00e9 laisser l&#8217;adresse exacte de la propri\u00e9t\u00e9 qui [&hellip;]<\/p>\n","protected":false},"author":121,"featured_media":0,"parent":0,"menu_order":35,"comment_status":"open","ping_status":"closed","template":"page-fullwidth.php","meta":{"_acf_changed":false,"footnotes":""},"class_list":["post-460","page","type-page","status-publish","hentry"],"acf":[],"_links":{"self":[{"href":"https:\/\/groupereprisequebec.a.aliquando.immo\/en\/wp-json\/wp\/v2\/pages\/460","targetHints":{"allow":["GET"]}}],"collection":[{"href":"https:\/\/groupereprisequebec.a.aliquando.immo\/en\/wp-json\/wp\/v2\/pages"}],"about":[{"href":"https:\/\/groupereprisequebec.a.aliquando.immo\/en\/wp-json\/wp\/v2\/types\/page"}],"author":[{"embeddable":true,"href":"https:\/\/groupereprisequebec.a.aliquando.immo\/en\/wp-json\/wp\/v2\/users\/121"}],"replies":[{"embeddable":true,"href":"https:\/\/groupereprisequebec.a.aliquando.immo\/en\/wp-json\/wp\/v2\/comments?post=460"}],"version-history":[{"count":2,"href":"https:\/\/groupereprisequebec.a.aliquando.immo\/en\/wp-json\/wp\/v2\/pages\/460\/revisions"}],"predecessor-version":[{"id":499,"href":"https:\/\/groupereprisequebec.a.aliquando.immo\/en\/wp-json\/wp\/v2\/pages\/460\/revisions\/499"}],"wp:attachment":[{"href":"https:\/\/groupereprisequebec.a.aliquando.immo\/en\/wp-json\/wp\/v2\/media?parent=460"}],"curies":[{"name":"wp","href":"https:\/\/api.w.org\/{rel}","templated":true}]}}